{"id":883,"date":"2015-05-11T22:49:44","date_gmt":"2015-05-11T22:49:44","guid":{"rendered":"http:\/\/picodegallodesign.com\/?page_id=883"},"modified":"2024-05-08T13:01:10","modified_gmt":"2024-05-08T13:01:10","slug":"servicios-2","status":"publish","type":"page","link":"https:\/\/picodegallodesign.com\/en\/servicios-2\/","title":{"rendered":"Services"},"content":{"rendered":"<p>[et_pb_section fb_built=\u00bb1&#8243; fullwidth=\u00bbon\u00bb _builder_version=\u00bb4.10.4&#8243; background_color=\u00bb#000000&#8243; parallax=\u00bbon\u00bb parallax_method=\u00bboff\u00bb transparent_background=\u00bboff\u00bb global_colors_info=\u00bb{}\u00bb][et_pb_fullwidth_slider admin_label=\u00bbFullwidth Slider\u00bb _builder_version=\u00bb4.10.4&#8243; background_color=\u00bb#000000&#8243; parallax=\u00bbon\u00bb custom_padding=\u00bb|||\u00bb custom_padding_tablet=\u00bb|||\u00bb custom_padding_phone=\u00bb|||\u00bb box_shadow_style=\u00bbpreset6&#8243; box_shadow_blur=\u00bb10px\u00bb box_shadow_color=\u00bbrgba(0,0,0,0.1)\u00bb show_inner_shadow=\u00bbon\u00bb global_colors_info=\u00bb{}\u00bb button_text_size__hover_enabled=\u00bboff\u00bb button_one_text_size__hover_enabled=\u00bboff\u00bb button_two_text_size__hover_enabled=\u00bboff\u00bb button_text_color__hover_enabled=\u00bboff\u00bb button_one_text_color__hover_enabled=\u00bboff\u00bb button_two_text_color__hover_enabled=\u00bboff\u00bb button_border_width__hover_enabled=\u00bboff\u00bb button_one_border_width__hover_enabled=\u00bboff\u00bb button_two_border_width__hover_enabled=\u00bboff\u00bb button_border_color__hover_enabled=\u00bboff\u00bb button_one_border_color__hover_enabled=\u00bboff\u00bb button_two_border_color__hover_enabled=\u00bboff\u00bb button_border_radius__hover_enabled=\u00bboff\u00bb button_one_border_radius__hover_enabled=\u00bboff\u00bb button_two_border_radius__hover_enabled=\u00bboff\u00bb button_letter_spacing__hover_enabled=\u00bboff\u00bb button_one_letter_spacing__hover_enabled=\u00bboff\u00bb button_two_letter_spacing__hover_enabled=\u00bboff\u00bb button_bg_color__hover_enabled=\u00bboff\u00bb button_one_bg_color__hover_enabled=\u00bboff\u00bb button_two_bg_color__hover_enabled=\u00bboff\u00bb][\/et_pb_fullwidth_slider][\/et_pb_section][et_pb_section fb_built=\u00bb1&#8243; _builder_version=\u00bb4.10.4&#8243; _module_preset=\u00bbdefault\u00bb background_color=\u00bb#000000&#8243; custom_padding=\u00bb8px|||||\u00bb global_colors_info=\u00bb{}\u00bb][et_pb_row _builder_version=\u00bb4.10.4&#8243; _module_preset=\u00bbdefault\u00bb global_colors_info=\u00bb{}\u00bb][et_pb_column type=\u00bb4_4&#8243; _builder_version=\u00bb4.10.4&#8243; _module_preset=\u00bbdefault\u00bb global_colors_info=\u00bb{}\u00bb][et_pb_text _builder_version=\u00bb4.10.4&#8243; _module_preset=\u00bbdefault\u00bb text_font=\u00bb|600|||||||\u00bb text_text_color=\u00bb#FFFFFF\u00bb background_color=\u00bbRGBA(0,0,0,0)\u00bb global_colors_info=\u00bb{}\u00bb]<\/p>\n<h1 style=\"text-align: center;\"><span style=\"color: #ffffff;\">Services<\/span><\/h1>\n<p>[\/et_pb_text][\/et_pb_column][\/et_pb_row][\/et_pb_section][et_pb_section fb_built=\u00bb1&#8243; _builder_version=\u00bb4.10.4&#8243; background_color=\u00bb#FFFFFF\u00bb custom_padding=\u00bb||54px|||\u00bb global_colors_info=\u00bb{}\u00bb][et_pb_row column_structure=\u00bb1_3,1_3,1_3&#8243; _builder_version=\u00bb4.10.4&#8243; background_size=\u00bbinitial\u00bb background_position=\u00bbtop_left\u00bb background_repeat=\u00bbrepeat\u00bb global_colors_info=\u00bb{}\u00bb][et_pb_column type=\u00bb1_3&#8243; _builder_version=\u00bb3.25&#8243; custom_padding=\u00bb|||\u00bb global_colors_info=\u00bb{}\u00bb custom_padding__hover=\u00bb|||\u00bb][et_pb_blurb title=\u00bbBRANDING\u00bb url=\u00bbhttp:\/\/picodegallodesign.com\/?page_id=697&#8243; image=\u00bbhttps:\/\/picodegallodesign.com\/wp-content\/uploads\/2014\/11\/icono_branding_2.png\u00bb image_max_width=\u00bbnone\u00bb admin_label=\u00bbBlurb\u00bb _builder_version=\u00bb4.10.4&#8243; background_size=\u00bbinitial\u00bb background_position=\u00bbtop_left\u00bb background_repeat=\u00bbrepeat\u00bb text_orientation=\u00bbcenter\u00bb hover_enabled=\u00bb0&#8243; global_colors_info=\u00bb{}\u00bb sticky_enabled=\u00bb0&#8243; border_radii_image=\u00bboff||||\u00bb title_text=\u00bbicono_branding_2&#8243;]<\/p>\n<p>From your logo, bandbook and stationery, to the entire image of your company<\/p>\n<p><span style=\"color: #ffcc00;\"><a href=\"https:\/\/picodegallodesign.com\/en\/servicios\/\"><span style=\"color: #ffcc00;\">READ MORE<\/span><\/a><\/span><\/p>\n<p>[\/et_pb_blurb][et_pb_blurb title=\u00bbINTERIORISMO Y ARQUITECTURA\u00bb url=\u00bbhttp:\/\/picodegallodesign.com\/?page_id=804&#8243; image=\u00bbhttps:\/\/picodegallodesign.com\/wp-content\/uploads\/2014\/11\/icono_arqui_4.png\u00bb image_max_width=\u00bbnone\u00bb admin_label=\u00bbBlurb\u00bb _builder_version=\u00bb4.10.4&#8243; background_size=\u00bbinitial\u00bb background_position=\u00bbtop_left\u00bb background_repeat=\u00bbrepeat\u00bb text_orientation=\u00bbcenter\u00bb hover_enabled=\u00bb0&#8243; global_colors_info=\u00bb{}\u00bb title_text=\u00bbicono_arqui_4&#8243; sticky_enabled=\u00bb0&#8243;]<\/p>\n<p>Applying graphic design to ephemeral architecture and permanent exhibitions<\/p>\n<p><a href=\"https:\/\/picodegallodesign.com\/en\/arqui-e-interiorismo\/\"><span style=\"color: #ffcc00;\">READ MORE<\/span><\/a><\/p>\n<p>[\/et_pb_blurb][\/et_pb_column][et_pb_column type=\u00bb1_3&#8243; _builder_version=\u00bb4.10.4&#8243; _module_preset=\u00bbdefault\u00bb global_colors_info=\u00bb{}\u00bb][et_pb_blurb title=\u00bbFOTORAF\u00cdA Y VIDEO\u00bb url=\u00bbhttp:\/\/picodegallodesign.com\/?page_id=780&#8243; image=\u00bbhttps:\/\/picodegallodesign.com\/wp-content\/uploads\/2014\/11\/icono_foto_2.png\u00bb image_max_width=\u00bbnone\u00bb admin_label=\u00bbBlurb\u00bb _builder_version=\u00bb4.10.4&#8243; background_size=\u00bbinitial\u00bb background_position=\u00bbtop_left\u00bb background_repeat=\u00bbrepeat\u00bb text_orientation=\u00bbcenter\u00bb hover_enabled=\u00bb0&#8243; global_colors_info=\u00bb{}\u00bb title_text=\u00bbicono_foto_2&#8243; sticky_enabled=\u00bb0&#8243;]<\/p>\n<p>Photographing products, portraits, events, architecture, fashion, and advertising, digital retouching, and montaging<\/p>\n<p><a style=\"color: #ffcc00;\" href=\"https:\/\/picodegallodesign.com\/en\/780-2\/\">READ MORE<\/a><\/p>\n<p>[\/et_pb_blurb][et_pb_blurb title=\u00bbMARKETING &#038; PUBLICIDAD\u00bb url=\u00bbhttp:\/\/picodegallodesign.com\/?page_id=826&#8243; image=\u00bbhttps:\/\/picodegallodesign.com\/wp-content\/uploads\/2014\/11\/icono_marketing_2.png\u00bb image_max_width=\u00bbnone\u00bb admin_label=\u00bbBlurb\u00bb _builder_version=\u00bb4.10.4&#8243; background_size=\u00bbinitial\u00bb background_position=\u00bbtop_left\u00bb background_repeat=\u00bbrepeat\u00bb text_orientation=\u00bbcenter\u00bb hover_enabled=\u00bb0&#8243; global_colors_info=\u00bb{}\u00bb sticky_enabled=\u00bb0&#8243; title_text=\u00bbicono_marketing_2&#8243;]<\/p>\n<p>Graphic advertising design for outdoor, final arts and printing management, Marketing Services<br \/><a href=\"https:\/\/picodegallodesign.com\/en\/marketing-y-publicidad\/\"><span style=\"color: #ffcc00;\">READ MORE<\/span><\/a><\/p>\n<p>[\/et_pb_blurb][\/et_pb_column][et_pb_column type=\u00bb1_3&#8243; _builder_version=\u00bb4.10.4&#8243; _module_preset=\u00bbdefault\u00bb global_colors_info=\u00bb{}\u00bb][et_pb_blurb title=\u00bbDISE\u00d1O EDITORIAL\u00bb url=\u00bbhttp:\/\/picodegallodesign.com\/diseno-editorial\/\u00bb image=\u00bbhttps:\/\/picodegallodesign.com\/wp-content\/uploads\/2014\/11\/icono_editorial.png\u00bb image_max_width=\u00bbnone\u00bb admin_label=\u00bbBlurb\u00bb _builder_version=\u00bb4.10.4&#8243; background_size=\u00bbinitial\u00bb background_position=\u00bbtop_left\u00bb background_repeat=\u00bbrepeat\u00bb text_orientation=\u00bbcenter\u00bb hover_enabled=\u00bb0&#8243; global_colors_info=\u00bb{}\u00bb title_text=\u00bbicono_editorial\u00bb sticky_enabled=\u00bb0&#8243;]<\/p>\n<p><span style=\"color: #666666;\">Layout and composition of books, magazines and newspapers, final arts and printing management<\/span><span style=\"color: #666666;\">\u00a0<\/span><\/p>\n<p><a style=\"color: #ffcc00;\" href=\"https:\/\/picodegallodesign.com\/en\/diseno-editorial\/\">READ MORE<\/a><\/p>\n<p>[\/et_pb_blurb][et_pb_blurb title=\u00bbPACKAGING\u00bb url=\u00bbhttp:\/\/picodegallodesign.com\/?page_id=794&#8243; image=\u00bbhttps:\/\/picodegallodesign.com\/wp-content\/uploads\/2015\/01\/icono_marketing.png\u00bb image_max_width=\u00bbnone\u00bb admin_label=\u00bbBlurb\u00bb _builder_version=\u00bb4.10.4&#8243; background_size=\u00bbinitial\u00bb background_position=\u00bbtop_left\u00bb background_repeat=\u00bbrepeat\u00bb text_orientation=\u00bbcenter\u00bb hover_enabled=\u00bb0&#8243; global_colors_info=\u00bb{}\u00bb sticky_enabled=\u00bb0&#8243; title_text=\u00bbicono_marketing\u00bb]<\/p>\n<p>Designing all kinds of packaging, managing final arts and printing<\/p>\n<p><span style=\"color: #ffcc00;\"><a href=\"https:\/\/picodegallodesign.com\/en\/packaging\/\"><span style=\"color: #ffcc00;\">READ MORE<\/span><\/a><\/span><\/p>\n<p>[\/et_pb_blurb][\/et_pb_column][\/et_pb_row][et_pb_row _builder_version=\u00bb4.10.4&#8243; _module_preset=\u00bbdefault\u00bb global_colors_info=\u00bb{}\u00bb][et_pb_column type=\u00bb4_4&#8243; _builder_version=\u00bb4.10.4&#8243; _module_preset=\u00bbdefault\u00bb global_colors_info=\u00bb{}\u00bb][\/et_pb_column][\/et_pb_row][\/et_pb_section][et_pb_section fb_built=\u00bb1&#8243; _builder_version=\u00bb3.22&#8243; background_color=\u00bb#000000&#8243; transparent_background=\u00bboff\u00bb global_colors_info=\u00bb{}\u00bb][et_pb_row _builder_version=\u00bb4.10.4&#8243; background_color=\u00bb#000000&#8243; background_size=\u00bbinitial\u00bb background_position=\u00bbtop_left\u00bb background_repeat=\u00bbrepeat\u00bb global_colors_info=\u00bb{}\u00bb][et_pb_column type=\u00bb4_4&#8243; _builder_version=\u00bb3.25&#8243; custom_padding=\u00bb|||\u00bb global_colors_info=\u00bb{}\u00bb custom_padding__hover=\u00bb|||\u00bb][et_pb_cta title=\u00bbPonte en contacto con nosotros\u00bb button_url=\u00bb#\u00bb button_text=\u00bbContactar\u00bb admin_label=\u00bbCall To Action\u00bb _builder_version=\u00bb3.16&#8243; background_color=\u00bb#050505&#8243; background_size=\u00bbinitial\u00bb background_position=\u00bbtop_left\u00bb background_repeat=\u00bbrepeat\u00bb global_colors_info=\u00bb{}\u00bb button_text_size__hover_enabled=\u00bboff\u00bb button_one_text_size__hover_enabled=\u00bboff\u00bb button_two_text_size__hover_enabled=\u00bboff\u00bb button_text_color__hover_enabled=\u00bboff\u00bb button_one_text_color__hover_enabled=\u00bboff\u00bb button_two_text_color__hover_enabled=\u00bboff\u00bb button_border_width__hover_enabled=\u00bboff\u00bb button_one_border_width__hover_enabled=\u00bboff\u00bb button_two_border_width__hover_enabled=\u00bboff\u00bb button_border_color__hover_enabled=\u00bboff\u00bb button_one_border_color__hover_enabled=\u00bboff\u00bb button_two_border_color__hover_enabled=\u00bboff\u00bb button_border_radius__hover_enabled=\u00bboff\u00bb button_one_border_radius__hover_enabled=\u00bboff\u00bb button_two_border_radius__hover_enabled=\u00bboff\u00bb button_letter_spacing__hover_enabled=\u00bboff\u00bb button_one_letter_spacing__hover_enabled=\u00bboff\u00bb button_two_letter_spacing__hover_enabled=\u00bboff\u00bb button_bg_color__hover_enabled=\u00bboff\u00bb button_one_bg_color__hover_enabled=\u00bboff\u00bb button_two_bg_color__hover_enabled=\u00bboff\u00bb][\/et_pb_cta][\/et_pb_column][\/et_pb_row][\/et_pb_section]<\/p>","protected":false},"excerpt":{"rendered":"<p>ServiciosLa imag\u00e9n completa de tu empresa, empezando por el logotipo y papeler\u00eda hasta el infinito\u2026 VER M\u00c1SDise\u00f1o gr\u00e1fico aplicado al interiorismo y arquitectura de exhibiciones permanentes y arquitectura ef\u00edmera VER M\u00c1SFotograf\u00eda de producto, retratos, eventos, arquitectura, moda y publicidad,retoque y montaje digital de fotograf\u00edas VER M\u00c1SDise\u00f1o de publicidad grafica para\u00a0 exteriores, artes finales y gesti\u00f3n [&hellip;]<\/p>","protected":false},"author":1,"featured_media":0,"parent":0,"menu_order":0,"comment_status":"open","ping_status":"open","template":"","meta":{"_et_pb_use_builder":"on","_et_pb_old_content":"","_et_gb_content_width":"","footnotes":""},"_links":{"self":[{"href":"https:\/\/picodegallodesign.com\/en\/wp-json\/wp\/v2\/pages\/883"}],"collection":[{"href":"https:\/\/picodegallodesign.com\/en\/wp-json\/wp\/v2\/pages"}],"about":[{"href":"https:\/\/picodegallodesign.com\/en\/wp-json\/wp\/v2\/types\/page"}],"author":[{"embeddable":true,"href":"https:\/\/picodegallodesign.com\/en\/wp-json\/wp\/v2\/users\/1"}],"replies":[{"embeddable":true,"href":"https:\/\/picodegallodesign.com\/en\/wp-json\/wp\/v2\/comments?post=883"}],"version-history":[{"count":50,"href":"https:\/\/picodegallodesign.com\/en\/wp-json\/wp\/v2\/pages\/883\/revisions"}],"predecessor-version":[{"id":2727,"href":"https:\/\/picodegallodesign.com\/en\/wp-json\/wp\/v2\/pages\/883\/revisions\/2727"}],"wp:attachment":[{"href":"https:\/\/picodegallodesign.com\/en\/wp-json\/wp\/v2\/media?parent=883"}],"curies":[{"name":"wp","href":"https:\/\/api.w.org\/{rel}","templated":true}]}}