{"id":794,"date":"2015-05-10T22:55:50","date_gmt":"2015-05-10T22:55:50","guid":{"rendered":"http:\/\/picodegallodesign.com\/?page_id=794"},"modified":"2015-06-22T22:48:22","modified_gmt":"2015-06-22T22:48:22","slug":"packaging","status":"publish","type":"page","link":"https:\/\/picodegallodesign.com\/en\/packaging\/","title":{"rendered":"packaging"},"content":{"rendered":"<p>[et_pb_section background_color=\u00bb#ffffff\u00bb inner_shadow=\u00bboff\u00bb parallax=\u00bbon\u00bb background_image=\u00bbhttp:\/\/picodegallodesign.com\/wp-content\/uploads\/2015\/05\/packaging.jpg\u00bb transparent_background=\u00bboff\u00bb parallax_method=\u00bboff\u00bb][et_pb_row][et_pb_column type=\u00bb4_4&#8243;][et_pb_blurb admin_label=\u00bbBlurb\u00bb url_new_window=\u00bboff\u00bb animation=\u00bbbottom\u00bb background_layout=\u00bblight\u00bb text_orientation=\u00bbcenter\u00bb use_icon=\u00bboff\u00bb icon_color=\u00bb#45c4ec\u00bb use_circle=\u00bboff\u00bb circle_color=\u00bb#45c4ec\u00bb use_circle_border=\u00bboff\u00bb circle_border_color=\u00bb#45c4ec\u00bb icon_placement=\u00bbtop\u00bb \/][\/et_pb_column][\/et_pb_row][et_pb_row][et_pb_column type=\u00bb4_4&#8243;][et_pb_text admin_label=\u00bbText\u00bb background_layout=\u00bbdark\u00bb text_orientation=\u00bbcenter\u00bb]<\/p>\n<h1 style=\"font-size: 72px; font-weight: 300;\"><\/h1>\n<p>[\/et_pb_text][\/et_pb_column][\/et_pb_row][\/et_pb_section][et_pb_section fullwidth=\u00bboff\u00bb specialty=\u00bboff\u00bb background_color=\u00bb#ffffff\u00bb inner_shadow=\u00bboff\u00bb parallax=\u00bboff\u00bb transparent_background=\u00bboff\u00bb parallax_method=\u00bboff\u00bb][et_pb_row][et_pb_column type=\u00bb4_4&#8243;][et_pb_text admin_label=\u00bbText\u00bb background_layout=\u00bblight\u00bb text_orientation=\u00bbleft\u00bb]<\/p>\n<p>&nbsp;<\/p>\n<h1 style=\"text-align: center;\">PACKAGING<\/h1>\n<p style=\"text-align: center;\">Design of all types of packaging<\/p>\n<p>&nbsp;<\/p>\n<p>[\/et_pb_text][\/et_pb_column][\/et_pb_row][\/et_pb_section][et_pb_section fullwidth=\u00bbon\u00bb specialty=\u00bboff\u00bb background_color=\u00bb#ffffff\u00bb inner_shadow=\u00bboff\u00bb parallax=\u00bbon\u00bb][et_pb_fullwidth_slider admin_label=\u00bbFullwidth Slider\u00bb show_arrows=\u00bbon\u00bb show_pagination=\u00bbon\u00bb auto=\u00bboff\u00bb parallax=\u00bbon\u00bb parallax_method=\u00bboff\u00bb][et_pb_slide background_image=\u00bbhttp:\/\/picodegallodesign.com\/wp-content\/uploads\/2015\/05\/packaging.jpg\u00bb background_color=\u00bb#ffffff\u00bb alignment=\u00bbcenter\u00bb background_layout=\u00bbdark\u00bb \/][\/et_pb_fullwidth_slider][\/et_pb_section][et_pb_section fullwidth=\u00bboff\u00bb specialty=\u00bboff\u00bb background_color=\u00bb#000000&#8243; inner_shadow=\u00bboff\u00bb parallax=\u00bboff\u00bb transparent_background=\u00bboff\u00bb parallax_method=\u00bboff\u00bb][et_pb_row][et_pb_column type=\u00bb1_2&#8243;][et_pb_divider admin_label=\u00bbDivider\u00bb color=\u00bb#ffffff\u00bb show_divider=\u00bboff\u00bb height=\u00bb90&#8243; \/][et_pb_text admin_label=\u00bbText\u00bb background_layout=\u00bbdark\u00bb text_orientation=\u00bbleft\u00bb]<\/p>\n<h1>What we offer<\/h1>\n<p>[\/et_pb_text][et_pb_blurb admin_label=\u00bbBlurb\u00bb title=\u00bbDise\u00f1o de packaging\u00bb url_new_window=\u00bboff\u00bb use_icon=\u00bbon\u00bb font_icon=\u00bb5&#8243; icon_color=\u00bb#b5b5b5&#8243; use_circle=\u00bboff\u00bb circle_color=\u00bb#b5b5b5&#8243; use_circle_border=\u00bboff\u00bb circle_border_color=\u00bb#b5b5b5&#8243; icon_placement=\u00bbleft\u00bb animation=\u00bbtop\u00bb background_layout=\u00bbdark\u00bb text_orientation=\u00bbleft\u00bb]<\/p>\n<p>Development of packaging, final arts and printing management<\/p>\n<p>[\/et_pb_blurb][et_pb_blurb admin_label=\u00bbBlurb\u00bb title=\u00bbDise\u00f1o de etiquetas, rotulos, bolsas \u00bb url_new_window=\u00bboff\u00bb use_icon=\u00bbon\u00bb font_icon=\u00bb5&#8243; icon_color=\u00bb#b5b5b5&#8243; use_circle=\u00bboff\u00bb circle_color=\u00bb#b5b5b5&#8243; use_circle_border=\u00bboff\u00bb circle_border_color=\u00bb#b5b5b5&#8243; icon_placement=\u00bbleft\u00bb animation=\u00bbtop\u00bb background_layout=\u00bbdark\u00bb text_orientation=\u00bbleft\u00bb]<\/p>\n<p>Development of packaging, final arts and printing management<\/p>\n<p>[\/et_pb_blurb][et_pb_cta admin_label=\u00bbCall To Action\u00bb button_url=\u00bbhttp:\/\/picodegallodesign.com\/?page_id=883&#8243; button_text=\u00bbM\u00e1s servicios\u00bb use_background_color=\u00bbon\u00bb background_color=\u00bb#000000&#8243; background_layout=\u00bbdark\u00bb text_orientation=\u00bbleft\u00bb \/][\/et_pb_column][et_pb_column type=\u00bb1_2&#8243;][et_pb_divider admin_label=\u00bbDivider\u00bb color=\u00bb#000000&#8243; show_divider=\u00bbon\u00bb height=\u00bb80&#8243; \/][et_pb_text admin_label=\u00bbText\u00bb background_layout=\u00bblight\u00bb text_orientation=\u00bbleft\u00bb]<\/p>\n<p style=\"text-align: center;\"><img loading=\"lazy\" decoding=\"async\" class=\"alignnone size-full wp-image-270\" src=\"http:\/\/picodegallodesign.com\/wp-content\/uploads\/2014\/11\/logo_design.png\" alt=\"logo_design\" width=\"205\" height=\"300\" \/><\/p>\n<p>[\/et_pb_text][\/et_pb_column][\/et_pb_row][\/et_pb_section][et_pb_section fullwidth=\u00bboff\u00bb specialty=\u00bboff\u00bb][et_pb_row][et_pb_column type=\u00bb4_4&#8243;][et_pb_text admin_label=\u00bbText\u00bb background_layout=\u00bblight\u00bb text_orientation=\u00bbleft\u00bb]<\/p>\n<h2 style=\"text-align: center;\">SERVICIOS RELACIONADOS<\/h2>\n<p>[\/et_pb_text][\/et_pb_column][\/et_pb_row][et_pb_row][et_pb_column type=\u00bb1_3&#8243;][et_pb_blurb admin_label=\u00bbBlurb\u00bb title=\u00bbBRANDING\u00bb url_new_window=\u00bboff\u00bb use_icon=\u00bboff\u00bb icon_color=\u00bb#b5b5b5&#8243; use_circle=\u00bboff\u00bb circle_color=\u00bb#b5b5b5&#8243; use_circle_border=\u00bboff\u00bb circle_border_color=\u00bb#b5b5b5&#8243; image=\u00bbhttp:\/\/picodegallodesign.com\/wp-content\/uploads\/2014\/11\/icono_branding_2.png\u00bb icon_placement=\u00bbtop\u00bb animation=\u00bbtop\u00bb background_layout=\u00bblight\u00bb text_orientation=\u00bbcenter\u00bb url=\u00bbhttp:\/\/picodegallodesign.com\/?page_id=697&#8243; \/][\/et_pb_column][et_pb_column type=\u00bb1_3&#8243;][et_pb_blurb admin_label=\u00bbBlurb\u00bb title=\u00bbFOTORAF\u00cdA Y VIDEO\u00bb url_new_window=\u00bboff\u00bb use_icon=\u00bboff\u00bb icon_color=\u00bb#b5b5b5&#8243; use_circle=\u00bboff\u00bb circle_color=\u00bb#b5b5b5&#8243; use_circle_border=\u00bboff\u00bb circle_border_color=\u00bb#b5b5b5&#8243; image=\u00bbhttp:\/\/picodegallodesign.com\/wp-content\/uploads\/2014\/11\/icono_foto_3.png\u00bb icon_placement=\u00bbtop\u00bb animation=\u00bbtop\u00bb background_layout=\u00bblight\u00bb text_orientation=\u00bbcenter\u00bb url=\u00bbhttp:\/\/picodegallodesign.com\/?page_id=780&#8243; \/][\/et_pb_column][et_pb_column type=\u00bb1_3&#8243;][et_pb_blurb admin_label=\u00bbBlurb\u00bb title=\u00bbMARKETING &amp; PUBLICIDAD\u00bb url_new_window=\u00bboff\u00bb use_icon=\u00bboff\u00bb icon_color=\u00bb#b5b5b5&#8243; use_circle=\u00bboff\u00bb circle_color=\u00bb#b5b5b5&#8243; use_circle_border=\u00bboff\u00bb circle_border_color=\u00bb#b5b5b5&#8243; image=\u00bbhttp:\/\/picodegallodesign.com\/wp-content\/uploads\/2014\/11\/icono_marketing_3.png\u00bb icon_placement=\u00bbtop\u00bb animation=\u00bbtop\u00bb background_layout=\u00bblight\u00bb text_orientation=\u00bbcenter\u00bb \/][\/et_pb_column][\/et_pb_row][\/et_pb_section][et_pb_section fullwidth=\u00bbon\u00bb specialty=\u00bboff\u00bb transparent_background=\u00bboff\u00bb background_color=\u00bb#000000&#8243; inner_shadow=\u00bboff\u00bb parallax=\u00bboff\u00bb parallax_method=\u00bboff\u00bb][et_pb_fullwidth_header admin_label=\u00bbFullwidth Header\u00bb background_layout=\u00bblight\u00bb text_orientation=\u00bbleft\u00bb \/][\/et_pb_section]<\/p>","protected":false},"excerpt":{"rendered":"<p><div class=\"et_pb_row et_pb_row_0 et_pb_row_empty\">\n\t\t\t\t\n\t\t\t\t\n\t\t\t\t\n\t\t\t<\/div><div class=\"et_pb_row et_pb_row_1 et_pb_row_empty\">\n\t\t\t\t\n\t\t\t\t\n\t\t\t\t\n\t\t\t<\/div> <div class=\"et_pb_row et_pb_row_2 et_pb_row_empty\">\n\t\t\t\t\n\t\t\t\t\n\t\t\t\t\n\t\t\t<\/div> &nbsp; PACKAGING Dise\u00f1o de todo tipo de empaques &nbsp; <div class=\"et_pb_row et_pb_row_3 et_pb_row_empty\">\n\t\t\t\t\n\t\t\t\t\n\t\t\t\t\n\t\t\t<\/div> Qu\u00e9 ofrecemos Desarrollo de empaque, artes finales y gesti\u00f3n con imprenta Desarrollo de empaque, artes finales y gesti\u00f3n con imprenta <div class=\"et_pb_row et_pb_row_4 et_pb_row_empty\">\n\t\t\t\t\n\t\t\t\t\n\t\t\t\t\n\t\t\t<\/div> SERVICIOS RELACIONADOS <div class=\"et_pb_row et_pb_row_5 et_pb_row_empty\">\n\t\t\t\t\n\t\t\t\t\n\t\t\t\t\n\t\t\t<\/div><\/p>","protected":false},"author":1,"featured_media":0,"parent":0,"menu_order":0,"comment_status":"open","ping_status":"open","template":"","meta":{"_et_pb_use_builder":"on","_et_pb_old_content":"","_et_gb_content_width":"","footnotes":""},"_links":{"self":[{"href":"https:\/\/picodegallodesign.com\/en\/wp-json\/wp\/v2\/pages\/794"}],"collection":[{"href":"https:\/\/picodegallodesign.com\/en\/wp-json\/wp\/v2\/pages"}],"about":[{"href":"https:\/\/picodegallodesign.com\/en\/wp-json\/wp\/v2\/types\/page"}],"author":[{"embeddable":true,"href":"https:\/\/picodegallodesign.com\/en\/wp-json\/wp\/v2\/users\/1"}],"replies":[{"embeddable":true,"href":"https:\/\/picodegallodesign.com\/en\/wp-json\/wp\/v2\/comments?post=794"}],"version-history":[{"count":11,"href":"https:\/\/picodegallodesign.com\/en\/wp-json\/wp\/v2\/pages\/794\/revisions"}],"predecessor-version":[{"id":1004,"href":"https:\/\/picodegallodesign.com\/en\/wp-json\/wp\/v2\/pages\/794\/revisions\/1004"}],"wp:attachment":[{"href":"https:\/\/picodegallodesign.com\/en\/wp-json\/wp\/v2\/media?parent=794"}],"curies":[{"name":"wp","href":"https:\/\/api.w.org\/{rel}","templated":true}]}}